{"id":895,"date":"2024-03-13T12:44:05","date_gmt":"2024-03-13T11:44:05","guid":{"rendered":"https:\/\/sunset.prohabitat.com.es\/newsletter\/"},"modified":"2024-04-12T15:40:07","modified_gmt":"2024-04-12T13:40:07","slug":"newsletter","status":"publish","type":"page","link":"https:\/\/sunset.prohabitat.com.es\/fr\/newsletter\/","title":{"rendered":"Newsletter"},"content":{"rendered":"\t\t<div data-elementor-type=\"wp-page\" data-elementor-id=\"895\" class=\"elementor elementor-895 elementor-790\" data-elementor-post-type=\"page\">\n\t\t\t\t<div class=\"elementor-element elementor-element-ede5472 e-flex e-con-boxed e-con e-parent\" data-id=\"ede5472\" data-element_type=\"container\" data-core-v316-plus=\"true\">\n\t\t\t\t\t<div class=\"e-con-inner\">\n\t\t\t\t<div class=\"elementor-element elementor-element-6e8fdb3 elementor-widget elementor-widget-wpml-language-switcher\" data-id=\"6e8fdb3\" data-element_type=\"widget\" data-widget_type=\"wpml-language-switcher.default\">\n\t\t\t\t<div class=\"elementor-widget-container\">\n\t\t\t<div class=\"wpml-elementor-ls\">\n<div class=\"wpml-ls-statics-shortcode_actions wpml-ls wpml-ls-legacy-list-horizontal\">\n\t<ul><li class=\"wpml-ls-slot-shortcode_actions wpml-ls-item wpml-ls-item-es wpml-ls-first-item wpml-ls-item-legacy-list-horizontal\">\n\t\t\t\t<a href=\"https:\/\/sunset.prohabitat.com.es\/\" class=\"wpml-ls-link\">\n                                                        <img decoding=\"async\"\n            class=\"wpml-ls-flag\"\n            src=\"https:\/\/sunset.prohabitat.com.es\/wp-content\/plugins\/sitepress-multilingual-cms\/res\/flags\/es.svg\"\n            alt=\"Espagnol\"\n            width=22\n            height=22\n    \/><\/a>\n\t\t\t<\/li><li class=\"wpml-ls-slot-shortcode_actions wpml-ls-item wpml-ls-item-en wpml-ls-item-legacy-list-horizontal\">\n\t\t\t\t<a href=\"https:\/\/sunset.prohabitat.com.es\/en\/\" class=\"wpml-ls-link\">\n                                                        <img decoding=\"async\"\n            class=\"wpml-ls-flag\"\n            src=\"https:\/\/sunset.prohabitat.com.es\/wp-content\/plugins\/sitepress-multilingual-cms\/res\/flags\/en.svg\"\n            alt=\"Anglais\"\n            width=22\n            height=22\n    \/><\/a>\n\t\t\t<\/li><li class=\"wpml-ls-slot-shortcode_actions wpml-ls-item wpml-ls-item-fr wpml-ls-current-language wpml-ls-item-legacy-list-horizontal\">\n\t\t\t\t<a href=\"https:\/\/sunset.prohabitat.com.es\/fr\/\" class=\"wpml-ls-link\">\n                                                        <img decoding=\"async\"\n            class=\"wpml-ls-flag\"\n            src=\"https:\/\/sunset.prohabitat.com.es\/wp-content\/plugins\/sitepress-multilingual-cms\/res\/flags\/fr.svg\"\n            alt=\"Fran\u00e7ais\"\n            width=22\n            height=22\n    \/><\/a>\n\t\t\t<\/li><li class=\"wpml-ls-slot-shortcode_actions wpml-ls-item wpml-ls-item-de wpml-ls-last-item wpml-ls-item-legacy-list-horizontal\">\n\t\t\t\t<a href=\"https:\/\/sunset.prohabitat.com.es\/de\/\" class=\"wpml-ls-link\">\n                                                        <img decoding=\"async\"\n            class=\"wpml-ls-flag\"\n            src=\"https:\/\/sunset.prohabitat.com.es\/wp-content\/plugins\/sitepress-multilingual-cms\/res\/flags\/de.svg\"\n            alt=\"Allemand\"\n            width=22\n            height=22\n    \/><\/a>\n\t\t\t<\/li><\/ul>\n<\/div>\n<\/div>\t\t<\/div>\n\t\t\t\t<\/div>\n\t\t\t\t\t<\/div>\n\t\t\t\t<\/div>\n\t\t<div class=\"elementor-element elementor-element-9a1ded7 e-flex e-con-boxed e-con e-parent\" data-id=\"9a1ded7\" data-element_type=\"container\" data-core-v316-plus=\"true\">\n\t\t\t\t\t<div class=\"e-con-inner\">\n\t\t\t\t<div class=\"elementor-element elementor-element-b85fa63 elementor-widget elementor-widget-html\" data-id=\"b85fa63\" data-element_type=\"widget\" data-widget_type=\"html.default\">\n\t\t\t\t<div class=\"elementor-widget-container\">\n\t\t\t<div style=\"width: 800px;\">\r\n    <table style=\"max-width:800px;font-family:sans-serif;\">\r\n            <tbody width=\"800px\">\r\n                <tr>\r\n                    <td width=\"100px\">\r\n                        <img decoding=\"async\" src=\"https:\/\/sunset.prohabitat.com.es\/wp-content\/uploads\/2024\/03\/sunset-90.png\" width=\"90px\"\/> \r\n                    <\/td>\r\n                    <td width=\"100px\"><img decoding=\"async\" src=\"https:\/\/sunset.prohabitat.com.es\/wp-content\/uploads\/2024\/03\/prohabitat-90.png\" width=\"90px\"\/> <\/td>\r\n                    \r\n                    <td width=\"500px\"><\/td>\r\n                    <td width=\"100px\" style=\"text-align: end;\">\r\n                        <a href=\"https:\/\/www.facebook.com\/prohabitatdesarrollosinmobiliarios\/\"><img decoding=\"async\" src=\"https:\/\/sunset.prohabitat.com.es\/wp-content\/uploads\/2024\/03\/icon-face.png\" width=\"25px\"\/><\/a>\r\n                        \r\n                    <\/td>\r\n                    <td>\r\n                        <a href=\"https:\/\/www.instagram.com\/prohabitat_\/\"><img decoding=\"async\" src=\"https:\/\/sunset.prohabitat.com.es\/wp-content\/uploads\/2024\/03\/icon-insta.png\" width=\"25px\"\/><\/a>\r\n                    <\/td>\r\n                <\/tr>\r\n                <tr><td colspan=\"5\" style=\"text-align: end;\">sunset.prohabitat.com.es<\/td><\/tr>\r\n            <\/tbody>\r\n        <\/table>\r\n    <span>\r\n    <div style=\"background-color: #16B4C2;\">\r\n        <img decoding=\"async\" width=\"800px\" src=\"https:\/\/sunset.prohabitat.com.es\/wp-content\/uploads\/2024\/03\/slider-sunset-news.jpg\"\/>\r\n        <span style=\"vertical-align: middle;\">\r\n            <p style=\"font-size: 22px; font-family:Arial, Helvetica, sans-serif;font-weight: 500; color:white;\">D\u00e9couvrez ce qu'est la qualit\u00e9 de vie<\/p>\r\n            <p style=\"font-size: 22px; font-family:Arial, Helvetica, sans-serif;font-weight: 600;color:white;padding-bottom: 40px;\">Nouvelle promotion de viviendas exclusives en <br>Pino Alto-Miami Platja<\/p>\r\n        <\/span>\r\n        \r\n    <\/div>\r\n    <\/span>\r\n    \r\n    <div style=\"font-size: 16px; font-family:Arial, Helvetica, sans-serif;\">\r\n    <p>Merci de votre int\u00e9r\u00eat pour le projet Sunset, promu par Prohabitat Grupo Marco \u00e0 Pino Alto - Miami Platja ! Je m'appelle Elisabet, vendeuse \u00e0 l'agence immobili\u00e8re G\u00f3mez & Asociados \u00e0 Miami Platja, en charge de la commercialisation de la promotion.<\/p>\r\n    <p> Nous sommes actuellement en pr\u00e9vente, ce qui vous permettra de choisir les meilleurs emplacements.<\/p>\r\n        \r\n    \r\n        \r\n       <p> Je vous contacte car vous nous avez laiss\u00e9 vos informations dans notre publicit\u00e9 sur Internet, Instagram ou Facebook<\/p>\r\n        \r\n    \r\n        \r\n        <p>Dans cet e-mail, je joins des informations de base telles que le projet, <b>m\u00e9moire des qualit\u00e9s, des conditions de paiement et des prix des unit\u00e9s disponibles. Je tiens \u00e0 souligner que tous les paiements sont garantis par une entit\u00e9 bancaire de premier ordre.<\/b><\/p>\r\n        \r\n    \r\n        \r\n        <p style=\"border-top: 2px solid #16B4C2; padding-top: 10px; color:#16B4C2;border-bottom: 2px solid #16B4C2; padding-bottom: 10px; \"><b>Le complexe se compose de 22 maisons jumel\u00e9es de 4 chambres avec jardin ind\u00e9pendant et piscine priv\u00e9e, syst\u00e8me domotique et un haut niveau de finitions et d'efficacit\u00e9 \u00e9nerg\u00e9tique. Les maisons sont int\u00e9gr\u00e9es dans une copropri\u00e9t\u00e9 priv\u00e9e offrant une s\u00e9curit\u00e9 maximale, situ\u00e9e dans le quartier exclusif de Pino Alto.<\/b><\/p>\r\n        \r\n    \r\n        \r\n        <p>Le projet a \u00e9t\u00e9 pr\u00e9sent\u00e9 \u00e0 la mairie et nous attendons l'obtention du permis de construire. Une fois le permis obtenu, la dur\u00e9e des travaux est estim\u00e9e \u00e0 14 mois.<\/p>\r\n        \r\n    \r\n        \r\n        <p>Situ\u00e9 \u00e0 300 m\u00e8tres de Playa Cristal, \u00e0 proximit\u00e9 des commerces, services et restaurants.<\/p>\r\n        \r\n    \r\n        \r\n        <p>Ne manquez pas l'opportunit\u00e9 de vivre dans l'une des meilleures zones de la Costa Dorada.<\/p>\r\n    \r\n        \r\n        <p>Si vous avez besoin de plus d'informations, contactez-nous sans engagement. Nous vous proposerons les informations compl\u00e9mentaires dont vous avez besoin et r\u00e9pondrons \u00e0 toutes vos questions.<\/p>\r\n        \r\n    \r\n        \r\n        <p><b>Un salut cordial de la part de l'\u00e9quipe G\u00f3mez & Asociados.<\/b><\/p>\r\n    \r\n        <div style=\"position: relative;text-align: span;color: WHITE;max-width:800px;\">\r\n            <img decoding=\"async\" src=\"https:\/\/sunset.prohabitat.com.es\/wp-content\/uploads\/2024\/03\/fondo-news-mid.png\" alt=\"n\/a\" style=\"width:100%;\">\r\n            <div style=\"position: absolute;top: 30%;left: 4%;background-color: #01613B; padding-left: 20px;padding-right: 20px;padding-top: 15px;padding-bottom: 15px;\"><a href=\"https:\/\/sunset.prohabitat.com.es\/wp-content\/uploads\/2024\/04\/sunset_MEMORIA-CALIDADES-fra.pdf\" style=\"text-decoration: none; color: white;\"><b>PROJET<br>SOUVENIRS DE QUALIT\u00c9<\/b><\/a> <\/div>\r\n            <div style=\"position: absolute;top: 30%;left: 35.4%;background-color: #01613B; padding-left: 65px;padding-right: 65px;padding-top: 15px;padding-bottom: 15px;\"><a href=\"https:\/\/sunset.prohabitat.com.es\/wp-content\/uploads\/2024\/03\/Precios_DIGITAL.pdf\" style=\"text-decoration: none; color: white;\"><b>DES PRIX Y<br>CONDITIONS<\/b><\/a> <\/div>\r\n            <div style=\"position: absolute;top: 30%;left: 67%;background-color: #01613B; padding-left: 80px;padding-right: 80px;padding-top: 24px;padding-bottom: 25px;\"><a href=\"https:\/\/sunset.prohabitat.com.es\/wp-content\/uploads\/2024\/03\/planos.pdf\" style=\"text-decoration: none; color: white;\"><b>PLANS<\/b><\/a> <\/div>\r\n        <\/div>\r\n        \r\n        <table style=\"max-width:800px;font-family:sans-serif;\">\r\n            <tbody width=\"800px\">\r\n                <tr>\r\n                    <td width=\"150px\">\r\n                        <img decoding=\"async\" src=\"https:\/\/sunset.prohabitat.com.es\/wp-content\/uploads\/2024\/03\/gomez-asociados-logo-200.png\" width=\"100%\"\/> \r\n                    <\/td>\r\n                    <td width=\"200px\" style=\"font-size:13px;font-weight: 600;\">Elisabet Segura Aribau\r\n                        G\u00d3MEZ & ASOCIADOS\r\n                        Grupo Inmobiliario <\/td>\r\n                    <td width=\"550px\" style=\"font-size:12px;\">\r\n                        Av. Barcelona 92, local 6. Miami Platja - Tarragona 659 028 577 \u2013 977 17 07 69.\r\n                        <br>Martes a S\u00e1bado 9.30h-13.30h\/16h-19h\r\n                    <\/td>\r\n                <\/tr>\r\n            <\/tbody>\r\n        <\/table>\r\n    \r\n        <p style=\"font-size:14px;\">AVIS JURIDIQUE<\/p>\r\n    <p style=\"font-size:9px;text-align: justify;\">Ce message et ses pi\u00e8ces jointes peuvent contenir des informations confidentielles et leur communication, reproduction ou distribution n'est pas autoris\u00e9e. Si vous n'\u00eates pas le destinataire final, nous vous demandons de nous en informer et de supprimer ce message.<\/p>\r\n        \r\n       <p style=\"font-size:9px;text-align: justify;\">Conform\u00e9ment aux dispositions de la r\u00e9glementation en vigueur sur la protection des donn\u00e9es personnelles (R\u00e8glement (UE) 2016\/679 du 27 avril 2016 (RGPD), Loi Organique 3\/2018 du 5 d\u00e9cembre relative \u00e0 la protection des donn\u00e9es personnelles), nous vous informe que les donn\u00e9es contenues dans cette communication sont incluses dans un fichier informatique appartenant \u00e0 TOMAS GOMEZ ROLDAN. Ces donn\u00e9es seront utilis\u00e9es exclusivement pour envoyer des communications susceptibles de vous int\u00e9resser. Vos donn\u00e9es ne seront pas c\u00e9d\u00e9es \u00e0 des tiers, sauf obligation l\u00e9gale, et seront conserv\u00e9es aussi longtemps que vous ne demanderez pas leur annulation ou opposition. Cette communication commerciale est envoy\u00e9e sous la protection de la loi 34\/2020 sur les services de la soci\u00e9t\u00e9 de l'information et le commerce \u00e9lectronique. Si vous souhaitez cesser de recevoir des communications commerciales, r\u00e9voquer votre consentement ou exercer vos droits d'acc\u00e8s, de rectification, de portabilit\u00e9, d'opposition, de limitation ou d'annulation, vous pouvez en faire la demande, \u00e0 tout moment, en envoyant un email \u00e0 l'adresse <a href=\"mailto:ventas@gomezasociados.com\">ventas@gomezasociados.com<\/a> en indiquant dans le sujet \"Faibles communications commerciales\", ou en le communiquant par \u00e9crit, en indiquant toujours vos donn\u00e9es personnelles \u00e0 AVDA. BARCELONA, 92 LOCAL 6 \u2013 43892 MIAMI PLATJA (TARRAGONA). . Si vous estimez que le traitement des donn\u00e9es personnelles n'est pas conforme \u00e0 la r\u00e9glementation en vigueur, vous pouvez d\u00e9poser une r\u00e9clamation aupr\u00e8s de l'Autorit\u00e9 de Contr\u00f4le. (<a href=\"www.agpd.es\">www.agpd.es<\/a>).<\/p>\r\n    \r\n    <\/div>\r\n    \r\n    <\/div>\r\n\t\t<\/div>\n\t\t\t\t<\/div>\n\t\t\t\t\t<\/div>\n\t\t\t\t<\/div>\n\t\t\t\t<\/div>\n\t\t","protected":false},"excerpt":{"rendered":"<p>sunset.prohabitat.com.es D\u00e9couvrez ce qu&rsquo;est la qualit\u00e9 de vie Nouvelle promotion de viviendas exclusives en Pino Alto-Miami Platja Merci de votre int\u00e9r\u00eat pour le projet Sunset, promu par Prohabitat Grupo Marco \u00e0 Pino Alto &#8211; Miami Platja ! Je m&rsquo;appelle Elisabet, vendeuse \u00e0 l&rsquo;agence immobili\u00e8re G\u00f3mez &#038; Asociados \u00e0 Miami Platja, en charge de la commercialisation [&hellip;]<\/p>\n","protected":false},"author":2,"featured_media":0,"parent":0,"menu_order":0,"comment_status":"closed","ping_status":"closed","template":"elementor_canvas","meta":{"footnotes":""},"yoast_head":"<!-- This site is optimized with the Yoast SEO plugin v22.4 - https:\/\/yoast.com\/wordpress\/plugins\/seo\/ -->\n<title>Newsletter - sunset.prohabitat.com.es<\/title>\n<meta name=\"robots\" content=\"index, nofollow, max-snippet:-1, max-image-preview:large, max-video-preview:-1\" \/>\n<link rel=\"canonical\" href=\"https:\/\/sunset.prohabitat.com.es\/fr\/newsletter\/\" \/>\n<meta property=\"og:locale\" content=\"fr_FR\" \/>\n<meta property=\"og:type\" content=\"article\" \/>\n<meta property=\"og:title\" content=\"Newsletter - sunset.prohabitat.com.es\" \/>\n<meta property=\"og:description\" content=\"sunset.prohabitat.com.es D\u00e9couvrez ce qu&rsquo;est la qualit\u00e9 de vie Nouvelle promotion de viviendas exclusives en Pino Alto-Miami Platja Merci de votre int\u00e9r\u00eat pour le projet Sunset, promu par Prohabitat Grupo Marco \u00e0 Pino Alto &#8211; Miami Platja ! Je m&rsquo;appelle Elisabet, vendeuse \u00e0 l&rsquo;agence immobili\u00e8re G\u00f3mez &#038; Asociados \u00e0 Miami Platja, en charge de la commercialisation [&hellip;]\" \/>\n<meta property=\"og:url\" content=\"https:\/\/sunset.prohabitat.com.es\/fr\/newsletter\/\" \/>\n<meta property=\"og:site_name\" content=\"sunset.prohabitat.com.es\" \/>\n<meta property=\"article:modified_time\" content=\"2024-04-12T13:40:07+00:00\" \/>\n<meta property=\"og:image\" content=\"https:\/\/sunset.prohabitat.com.es\/wp-content\/uploads\/2024\/03\/sunset-90.png\" \/>\n<meta name=\"twitter:card\" content=\"summary_large_image\" \/>\n<meta name=\"twitter:label1\" content=\"Dur\u00e9e de lecture estim\u00e9e\" \/>\n\t<meta name=\"twitter:data1\" content=\"4 minutes\" \/>\n<script type=\"application\/ld+json\" class=\"yoast-schema-graph\">{\"@context\":\"https:\/\/schema.org\",\"@graph\":[{\"@type\":\"WebPage\",\"@id\":\"https:\/\/sunset.prohabitat.com.es\/fr\/newsletter\/\",\"url\":\"https:\/\/sunset.prohabitat.com.es\/fr\/newsletter\/\",\"name\":\"Newsletter - sunset.prohabitat.com.es\",\"isPartOf\":{\"@id\":\"https:\/\/sunset.prohabitat.com.es\/fr\/#website\"},\"primaryImageOfPage\":{\"@id\":\"https:\/\/sunset.prohabitat.com.es\/fr\/newsletter\/#primaryimage\"},\"image\":{\"@id\":\"https:\/\/sunset.prohabitat.com.es\/fr\/newsletter\/#primaryimage\"},\"thumbnailUrl\":\"https:\/\/sunset.prohabitat.com.es\/wp-content\/uploads\/2024\/03\/sunset-90.png\",\"datePublished\":\"2024-03-13T11:44:05+00:00\",\"dateModified\":\"2024-04-12T13:40:07+00:00\",\"breadcrumb\":{\"@id\":\"https:\/\/sunset.prohabitat.com.es\/fr\/newsletter\/#breadcrumb\"},\"inLanguage\":\"fr-FR\",\"potentialAction\":[{\"@type\":\"ReadAction\",\"target\":[\"https:\/\/sunset.prohabitat.com.es\/fr\/newsletter\/\"]}]},{\"@type\":\"ImageObject\",\"inLanguage\":\"fr-FR\",\"@id\":\"https:\/\/sunset.prohabitat.com.es\/fr\/newsletter\/#primaryimage\",\"url\":\"https:\/\/sunset.prohabitat.com.es\/wp-content\/uploads\/2024\/03\/sunset-90.png\",\"contentUrl\":\"https:\/\/sunset.prohabitat.com.es\/wp-content\/uploads\/2024\/03\/sunset-90.png\"},{\"@type\":\"BreadcrumbList\",\"@id\":\"https:\/\/sunset.prohabitat.com.es\/fr\/newsletter\/#breadcrumb\",\"itemListElement\":[{\"@type\":\"ListItem\",\"position\":1,\"name\":\"Portada\",\"item\":\"https:\/\/sunset.prohabitat.com.es\/fr\/\"},{\"@type\":\"ListItem\",\"position\":2,\"name\":\"Newsletter\"}]},{\"@type\":\"WebSite\",\"@id\":\"https:\/\/sunset.prohabitat.com.es\/fr\/#website\",\"url\":\"https:\/\/sunset.prohabitat.com.es\/fr\/\",\"name\":\"sunset.prohabitat.com.es\",\"description\":\"Viviendas unifamiliares situadas en un lugar privilegiado en la Costa Dorada\",\"potentialAction\":[{\"@type\":\"SearchAction\",\"target\":{\"@type\":\"EntryPoint\",\"urlTemplate\":\"https:\/\/sunset.prohabitat.com.es\/fr\/?s={search_term_string}\"},\"query-input\":\"required name=search_term_string\"}],\"inLanguage\":\"fr-FR\"}]}<\/script>\n<!-- \/ Yoast SEO plugin. -->","yoast_head_json":{"title":"Newsletter - sunset.prohabitat.com.es","robots":{"index":"index","follow":"nofollow","max-snippet":"max-snippet:-1","max-image-preview":"max-image-preview:large","max-video-preview":"max-video-preview:-1"},"canonical":"https:\/\/sunset.prohabitat.com.es\/fr\/newsletter\/","og_locale":"fr_FR","og_type":"article","og_title":"Newsletter - sunset.prohabitat.com.es","og_description":"sunset.prohabitat.com.es D\u00e9couvrez ce qu&rsquo;est la qualit\u00e9 de vie Nouvelle promotion de viviendas exclusives en Pino Alto-Miami Platja Merci de votre int\u00e9r\u00eat pour le projet Sunset, promu par Prohabitat Grupo Marco \u00e0 Pino Alto &#8211; Miami Platja ! Je m&rsquo;appelle Elisabet, vendeuse \u00e0 l&rsquo;agence immobili\u00e8re G\u00f3mez &#038; Asociados \u00e0 Miami Platja, en charge de la commercialisation [&hellip;]","og_url":"https:\/\/sunset.prohabitat.com.es\/fr\/newsletter\/","og_site_name":"sunset.prohabitat.com.es","article_modified_time":"2024-04-12T13:40:07+00:00","og_image":[{"url":"https:\/\/sunset.prohabitat.com.es\/wp-content\/uploads\/2024\/03\/sunset-90.png"}],"twitter_card":"summary_large_image","twitter_misc":{"Dur\u00e9e de lecture estim\u00e9e":"4 minutes"},"schema":{"@context":"https:\/\/schema.org","@graph":[{"@type":"WebPage","@id":"https:\/\/sunset.prohabitat.com.es\/fr\/newsletter\/","url":"https:\/\/sunset.prohabitat.com.es\/fr\/newsletter\/","name":"Newsletter - sunset.prohabitat.com.es","isPartOf":{"@id":"https:\/\/sunset.prohabitat.com.es\/fr\/#website"},"primaryImageOfPage":{"@id":"https:\/\/sunset.prohabitat.com.es\/fr\/newsletter\/#primaryimage"},"image":{"@id":"https:\/\/sunset.prohabitat.com.es\/fr\/newsletter\/#primaryimage"},"thumbnailUrl":"https:\/\/sunset.prohabitat.com.es\/wp-content\/uploads\/2024\/03\/sunset-90.png","datePublished":"2024-03-13T11:44:05+00:00","dateModified":"2024-04-12T13:40:07+00:00","breadcrumb":{"@id":"https:\/\/sunset.prohabitat.com.es\/fr\/newsletter\/#breadcrumb"},"inLanguage":"fr-FR","potentialAction":[{"@type":"ReadAction","target":["https:\/\/sunset.prohabitat.com.es\/fr\/newsletter\/"]}]},{"@type":"ImageObject","inLanguage":"fr-FR","@id":"https:\/\/sunset.prohabitat.com.es\/fr\/newsletter\/#primaryimage","url":"https:\/\/sunset.prohabitat.com.es\/wp-content\/uploads\/2024\/03\/sunset-90.png","contentUrl":"https:\/\/sunset.prohabitat.com.es\/wp-content\/uploads\/2024\/03\/sunset-90.png"},{"@type":"BreadcrumbList","@id":"https:\/\/sunset.prohabitat.com.es\/fr\/newsletter\/#breadcrumb","itemListElement":[{"@type":"ListItem","position":1,"name":"Portada","item":"https:\/\/sunset.prohabitat.com.es\/fr\/"},{"@type":"ListItem","position":2,"name":"Newsletter"}]},{"@type":"WebSite","@id":"https:\/\/sunset.prohabitat.com.es\/fr\/#website","url":"https:\/\/sunset.prohabitat.com.es\/fr\/","name":"sunset.prohabitat.com.es","description":"Viviendas unifamiliares situadas en un lugar privilegiado en la Costa Dorada","potentialAction":[{"@type":"SearchAction","target":{"@type":"EntryPoint","urlTemplate":"https:\/\/sunset.prohabitat.com.es\/fr\/?s={search_term_string}"},"query-input":"required name=search_term_string"}],"inLanguage":"fr-FR"}]}},"_links":{"self":[{"href":"https:\/\/sunset.prohabitat.com.es\/fr\/wp-json\/wp\/v2\/pages\/895"}],"collection":[{"href":"https:\/\/sunset.prohabitat.com.es\/fr\/wp-json\/wp\/v2\/pages"}],"about":[{"href":"https:\/\/sunset.prohabitat.com.es\/fr\/wp-json\/wp\/v2\/types\/page"}],"author":[{"embeddable":true,"href":"https:\/\/sunset.prohabitat.com.es\/fr\/wp-json\/wp\/v2\/users\/2"}],"replies":[{"embeddable":true,"href":"https:\/\/sunset.prohabitat.com.es\/fr\/wp-json\/wp\/v2\/comments?post=895"}],"version-history":[{"count":8,"href":"https:\/\/sunset.prohabitat.com.es\/fr\/wp-json\/wp\/v2\/pages\/895\/revisions"}],"predecessor-version":[{"id":1292,"href":"https:\/\/sunset.prohabitat.com.es\/fr\/wp-json\/wp\/v2\/pages\/895\/revisions\/1292"}],"wp:attachment":[{"href":"https:\/\/sunset.prohabitat.com.es\/fr\/wp-json\/wp\/v2\/media?parent=895"}],"curies":[{"name":"wp","href":"https:\/\/api.w.org\/{rel}","templated":true}]}}