{"id":693,"date":"2022-12-14T11:35:55","date_gmt":"2022-12-14T10:35:55","guid":{"rendered":"https:\/\/sunset.prohabitat.com.es\/politique-de-confidentialite\/"},"modified":"2024-03-07T17:23:17","modified_gmt":"2024-03-07T16:23:17","slug":"politique-de-confidentialite","status":"publish","type":"page","link":"https:\/\/sunset.prohabitat.com.es\/fr\/politique-de-confidentialite\/","title":{"rendered":"Politique de confidentialit\u00e9"},"content":{"rendered":"\t\t<div data-elementor-type=\"wp-page\" data-elementor-id=\"693\" class=\"elementor elementor-693 elementor-29\" data-elementor-post-type=\"page\">\n\t\t\t\t\t\t<section class=\"elementor-section elementor-top-section elementor-element elementor-element-f287366 elementor-section-boxed elementor-section-height-default elementor-section-height-default\" data-id=\"f287366\" data-element_type=\"section\">\n\t\t\t\t\t\t<div class=\"elementor-container elementor-column-gap-default\">\n\t\t\t\t\t<div class=\"elementor-column elementor-col-100 elementor-top-column elementor-element elementor-element-3d4e33d\" data-id=\"3d4e33d\" data-element_type=\"column\">\n\t\t\t<div class=\"elementor-widget-wrap elementor-element-populated\">\n\t\t\t\t\t\t<div class=\"elementor-element elementor-element-5a81e97 elementor-widget elementor-widget-text-editor\" data-id=\"5a81e97\" data-element_type=\"widget\" data-widget_type=\"text-editor.default\">\n\t\t\t\t<div class=\"elementor-widget-container\">\n\t\t\t<style>\/*! elementor - v3.20.0 - 26-03-2024 *\/\n.elementor-widget-text-editor.elementor-drop-cap-view-stacked .elementor-drop-cap{background-color:#69727d;color:#fff}.elementor-widget-text-editor.elementor-drop-cap-view-framed .elementor-drop-cap{color:#69727d;border:3px solid;background-color:transparent}.elementor-widget-text-editor:not(.elementor-drop-cap-view-default) .elementor-drop-cap{margin-top:8px}.elementor-widget-text-editor:not(.elementor-drop-cap-view-default) .elementor-drop-cap-letter{width:1em;height:1em}.elementor-widget-text-editor .elementor-drop-cap{float:left;text-align:center;line-height:1;font-size:50px}.elementor-widget-text-editor .elementor-drop-cap-letter{display:inline-block}<\/style>\t\t\t\t<h1>Politique de confidentialit\u00e9<\/h1>\n\n  <h3>1. INFORMATIONS SUR L\u2019UTILISATEUR<\/h3>\n\n  <p>_NOM_DE _L\u2019ENTREPRISE_, ci-apr\u00e8s RESPONSABLE, est le Responsable du traitement des donn\u00e9es \u00e0 caract\u00e8re personnel de l\u2019Utilisateur et informe l\u2019Utilisateur que ces donn\u00e9es seront trait\u00e9es conform\u00e9ment aux dispositions de la r\u00e9glementation en vigueur sur la protection des donn\u00e9es \u00e0 caract\u00e8re personnel, R\u00e8glement (UE) 2016\/679 du 27 avril 2016 (RGPD) relatif \u00e0 la protection des personnes physiques \u00e0 l\u2019\u00e9gard du traitement des donn\u00e9es \u00e0 caract\u00e8re personnel et \u00e0 la libre circulation de ces donn\u00e9es, et la loi organique 3\/2018 du 5 d\u00e9cembre (LOPDGDD), afin que vous receviez les informations suivantes sur le traitement :<\/p>\n\n  <p><strong>Finalit\u00e9 du traitement:<\/strong> entretenir une relation commerciale avec l\u2019Utilisateur. Les op\u00e9rations envisag\u00e9es pour effectuer le traitement sont les suivantes :<\/p>\n\n  <ul>\n    <li>Envoyer des communications publicitaires commerciales, \u00e0 condition qu\u2019elles aient \u00e9t\u00e9 pr\u00e9alablement autoris\u00e9es, par e-mail, fax, SMS, MMS, communaut\u00e9s sociales ou tout autre moyen \u00e9lectronique ou physique, pr\u00e9sent ou futur, qui permettent d\u2019effectuer des communications commerciales. Ces communications seront effectu\u00e9es par le RESPONSABLE et li\u00e9es \u00e0 ses produits et services, ou par ses collaborateurs ou fournisseurs avec lesquels il a conclu un accord promotionnel. Dans ce cas, les tiers n\u2019auront jamais acc\u00e8s aux donn\u00e9es personnelles.<\/li>\n    <li>R\u00e9aliser des \u00e9tudes statistiques.<\/li>\n    <li>Traiter les commandes, les demandes ou tout type de demande formul\u00e9e par l\u2019utilisateur par le biais de l\u2019un des formulaires de contact mis \u00e0 sa disposition.<\/li>\n    <li>Envoyez la newsletter sur le site web.<\/li>\n  <\/ul>\n\n  <p><strong>Base juridique du traitement:<\/strong> consentement de la personne concern\u00e9e.<\/p>\n\n  <p><strong>Crit\u00e8res de conservation des donn\u00e9es:<\/strong> les donn\u00e9es seront conserv\u00e9es aussi longtemps qu\u2019il existe un int\u00e9r\u00eat mutuel \u00e0 maintenir la finalit\u00e9 du traitement et lorsqu\u2019elles ne seront plus n\u00e9cessaires \u00e0 cette fin, elles seront supprim\u00e9es avec des mesures de s\u00e9curit\u00e9 appropri\u00e9es pour garantir la pseudonymisation des donn\u00e9es ou leur destruction totale.<\/p>\n\n  <p><strong>Communication des donn\u00e9es :<\/strong> Les donn\u00e9es ne seront pas communiqu\u00e9es \u00e0 des tiers, sauf obligation l\u00e9gale.<\/p>\n\n  <p><strong>Droits de l\u2019utilisateur :<\/strong><\/p>\n\n  <ul>\n    <li>Droit de retirer son consentement \u00e0 tout moment.<\/li>\n    <li>Droit d\u2019acc\u00e8s, de rectification, de portabilit\u00e9 et de suppression de vos donn\u00e9es et \u00e0 la limitation ou \u00e0 l\u2019opposition \u00e0 leur traitement.<\/li>\n    <li>Le droit d\u2019introduire une r\u00e9clamation aupr\u00e8s de l\u2019autorit\u00e9 de contr\u00f4le (agpd.es) si vous estimez que le traitement n\u2019est pas conforme \u00e0 la r\u00e9glementation en vigueur.<\/li>\n  <\/ul>\n\n  <p><strong>Coordonn\u00e9es pour exercer vos droits :<\/strong><\/p>\n\n  <p>__________NOM_DE_L&rsquo;ENTERPRISE__________<br>\n Adresse postal: __________ADRESSE__________, __________CODE_POSTAL__________ __________LOCALIT\u00c9__________<br>\n Correo electr\u00f3nico: __________MESSAGERIE_\u00c9LECTRONIQUE__________\n  <\/p>\n\n  <h3>2. CARACT\u00c8RE OBLIGATOIRE OU FACULTATIF DES INFORMATIONS FOURNIES PAR L\u2019UTILISATEUR<\/h3>\n\n  <p>Les utilisateurs, en cochant les cases correspondantes et en saisissant des donn\u00e9es dans les champs, marqu\u00e9s d\u2019un ast\u00e9risque <strong>(*)<\/strong> dans le formulaire de contact ou pr\u00e9sent\u00e9 dans les formulaires de t\u00e9l\u00e9chargement, vous acceptez express\u00e9ment, librement et sans \u00e9quivoque que vos donn\u00e9es sont n\u00e9cessaires pour r\u00e9pondre \u00e0 votre demande, par le fournisseur, et que l\u2019inclusion des donn\u00e9es dans les champs restants est volontaire. L\u2019Utilisateur garantit que les donn\u00e9es personnelles fournies au RESPONSABLE sont v\u00e9ridiques et est responsable de la communication de toute modification de celles-ci.<\/p>\n\n  <p>Le RESPONSABLE informe et garantit express\u00e9ment aux utilisateurs que leurs donn\u00e9es personnelles ne seront en aucun cas c\u00e9d\u00e9es \u00e0 des tiers, et que chaque fois qu\u2019un type de transfert de donn\u00e9es personnelles est effectu\u00e9, le consentement expr\u00e8s, \u00e9clair\u00e9 et sans \u00e9quivoque des utilisateurs sera demand\u00e9 au pr\u00e9alable. Toutes les donn\u00e9es demand\u00e9es par le biais du site web sont obligatoires, car elles sont n\u00e9cessaires \u00e0 la fourniture d\u2019un service optimal \u00e0 l\u2019utilisateur. Dans le cas o\u00f9 toutes les donn\u00e9es ne sont pas fournies, il n\u2019y a aucune garantie que les informations et les services fournis seront compl\u00e8tement adapt\u00e9s \u00e0 vos besoins.<\/p>\n\n  <h3>3. MESURES DE S\u00c9CURIT\u00c9<\/h3>\n\n  <p>Que, conform\u00e9ment aux dispositions de la r\u00e9glementation en vigueur sur la protection des donn\u00e9es \u00e0 caract\u00e8re personnel, le RESPONSABLE du traitement respecte toutes les dispositions de la r\u00e9glementation RGPD pour le traitement des donn\u00e9es \u00e0 caract\u00e8re personnel dont il est responsable, et manifestement les principes d\u00e9crits \u00e0 l\u2019article 5 du RGPD, selon lesquels elles sont trait\u00e9es licitement, \u00e9quitables et transparentes par rapport \u00e0 la personne concern\u00e9e et ad\u00e9quates, pertinentes et limit\u00e9es \u00e0 ce qui est n\u00e9cessaire au regard des finalit\u00e9s pour lesquelles elles sont trait\u00e9es.<\/p>\n\n  <p>Le RESPONSABLE garantit qu\u2019il a mis en \u0153uvre des politiques techniques et organisationnelles appropri\u00e9es pour appliquer les mesures de s\u00e9curit\u00e9 \u00e9tablies par le RGPD afin de prot\u00e9ger les droits et libert\u00e9s des Utilisateurs et qu\u2019il leur a communiqu\u00e9 les informations appropri\u00e9es afin qu\u2019ils puissent les exercer.<\/p>\n\t\t\t\t\t\t<\/div>\n\t\t\t\t<\/div>\n\t\t\t\t\t<\/div>\n\t\t<\/div>\n\t\t\t\t\t<\/div>\n\t\t<\/section>\n\t\t\t\t<\/div>\n\t\t","protected":false},"excerpt":{"rendered":"<p>Politique de confidentialit\u00e9 1. INFORMATIONS SUR L\u2019UTILISATEUR _NOM_DE _L\u2019ENTREPRISE_, ci-apr\u00e8s RESPONSABLE, est le Responsable du traitement des donn\u00e9es \u00e0 caract\u00e8re personnel de l\u2019Utilisateur et informe l\u2019Utilisateur que ces donn\u00e9es seront trait\u00e9es conform\u00e9ment aux dispositions de la r\u00e9glementation en vigueur sur la protection des donn\u00e9es \u00e0 caract\u00e8re personnel, R\u00e8glement (UE) 2016\/679 du 27 avril 2016 (RGPD) [&hellip;]<\/p>\n","protected":false},"author":1,"featured_media":0,"parent":0,"menu_order":0,"comment_status":"closed","ping_status":"closed","template":"","meta":{"footnotes":""},"yoast_head":"<!-- This site is optimized with the Yoast SEO plugin v22.4 - https:\/\/yoast.com\/wordpress\/plugins\/seo\/ -->\n<title>Politique de confidentialit\u00e9 - sunset.prohabitat.com.es<\/title>\n<meta name=\"robots\" content=\"noindex, follow\" \/>\n<meta property=\"og:locale\" content=\"fr_FR\" \/>\n<meta property=\"og:type\" content=\"article\" \/>\n<meta property=\"og:title\" content=\"Politique de confidentialit\u00e9 - sunset.prohabitat.com.es\" \/>\n<meta property=\"og:description\" content=\"Politique de confidentialit\u00e9 1. INFORMATIONS SUR L\u2019UTILISATEUR _NOM_DE _L\u2019ENTREPRISE_, ci-apr\u00e8s RESPONSABLE, est le Responsable du traitement des donn\u00e9es \u00e0 caract\u00e8re personnel de l\u2019Utilisateur et informe l\u2019Utilisateur que ces donn\u00e9es seront trait\u00e9es conform\u00e9ment aux dispositions de la r\u00e9glementation en vigueur sur la protection des donn\u00e9es \u00e0 caract\u00e8re personnel, R\u00e8glement (UE) 2016\/679 du 27 avril 2016 (RGPD) [&hellip;]\" \/>\n<meta property=\"og:url\" content=\"https:\/\/sunset.prohabitat.com.es\/fr\/politique-de-confidentialite\/\" \/>\n<meta property=\"og:site_name\" content=\"sunset.prohabitat.com.es\" \/>\n<meta property=\"article:modified_time\" content=\"2024-03-07T16:23:17+00:00\" \/>\n<meta name=\"twitter:card\" content=\"summary_large_image\" \/>\n<meta name=\"twitter:label1\" content=\"Dur\u00e9e de lecture estim\u00e9e\" \/>\n\t<meta name=\"twitter:data1\" content=\"4 minutes\" \/>\n<script type=\"application\/ld+json\" class=\"yoast-schema-graph\">{\"@context\":\"https:\/\/schema.org\",\"@graph\":[{\"@type\":\"WebPage\",\"@id\":\"https:\/\/sunset.prohabitat.com.es\/fr\/politique-de-confidentialite\/\",\"url\":\"https:\/\/sunset.prohabitat.com.es\/fr\/politique-de-confidentialite\/\",\"name\":\"Politique de confidentialit\u00e9 - sunset.prohabitat.com.es\",\"isPartOf\":{\"@id\":\"https:\/\/sunset.prohabitat.com.es\/fr\/#website\"},\"datePublished\":\"2022-12-14T10:35:55+00:00\",\"dateModified\":\"2024-03-07T16:23:17+00:00\",\"breadcrumb\":{\"@id\":\"https:\/\/sunset.prohabitat.com.es\/fr\/politique-de-confidentialite\/#breadcrumb\"},\"inLanguage\":\"fr-FR\",\"potentialAction\":[{\"@type\":\"ReadAction\",\"target\":[\"https:\/\/sunset.prohabitat.com.es\/fr\/politique-de-confidentialite\/\"]}]},{\"@type\":\"BreadcrumbList\",\"@id\":\"https:\/\/sunset.prohabitat.com.es\/fr\/politique-de-confidentialite\/#breadcrumb\",\"itemListElement\":[{\"@type\":\"ListItem\",\"position\":1,\"name\":\"Portada\",\"item\":\"https:\/\/sunset.prohabitat.com.es\/fr\/\"},{\"@type\":\"ListItem\",\"position\":2,\"name\":\"Politique de confidentialit\u00e9\"}]},{\"@type\":\"WebSite\",\"@id\":\"https:\/\/sunset.prohabitat.com.es\/fr\/#website\",\"url\":\"https:\/\/sunset.prohabitat.com.es\/fr\/\",\"name\":\"sunset.prohabitat.com.es\",\"description\":\"Viviendas unifamiliares situadas en un lugar privilegiado en la Costa Dorada\",\"potentialAction\":[{\"@type\":\"SearchAction\",\"target\":{\"@type\":\"EntryPoint\",\"urlTemplate\":\"https:\/\/sunset.prohabitat.com.es\/fr\/?s={search_term_string}\"},\"query-input\":\"required name=search_term_string\"}],\"inLanguage\":\"fr-FR\"}]}<\/script>\n<!-- \/ Yoast SEO plugin. -->","yoast_head_json":{"title":"Politique de confidentialit\u00e9 - sunset.prohabitat.com.es","robots":{"index":"noindex","follow":"follow"},"og_locale":"fr_FR","og_type":"article","og_title":"Politique de confidentialit\u00e9 - sunset.prohabitat.com.es","og_description":"Politique de confidentialit\u00e9 1. INFORMATIONS SUR L\u2019UTILISATEUR _NOM_DE _L\u2019ENTREPRISE_, ci-apr\u00e8s RESPONSABLE, est le Responsable du traitement des donn\u00e9es \u00e0 caract\u00e8re personnel de l\u2019Utilisateur et informe l\u2019Utilisateur que ces donn\u00e9es seront trait\u00e9es conform\u00e9ment aux dispositions de la r\u00e9glementation en vigueur sur la protection des donn\u00e9es \u00e0 caract\u00e8re personnel, R\u00e8glement (UE) 2016\/679 du 27 avril 2016 (RGPD) [&hellip;]","og_url":"https:\/\/sunset.prohabitat.com.es\/fr\/politique-de-confidentialite\/","og_site_name":"sunset.prohabitat.com.es","article_modified_time":"2024-03-07T16:23:17+00:00","twitter_card":"summary_large_image","twitter_misc":{"Dur\u00e9e de lecture estim\u00e9e":"4 minutes"},"schema":{"@context":"https:\/\/schema.org","@graph":[{"@type":"WebPage","@id":"https:\/\/sunset.prohabitat.com.es\/fr\/politique-de-confidentialite\/","url":"https:\/\/sunset.prohabitat.com.es\/fr\/politique-de-confidentialite\/","name":"Politique de confidentialit\u00e9 - sunset.prohabitat.com.es","isPartOf":{"@id":"https:\/\/sunset.prohabitat.com.es\/fr\/#website"},"datePublished":"2022-12-14T10:35:55+00:00","dateModified":"2024-03-07T16:23:17+00:00","breadcrumb":{"@id":"https:\/\/sunset.prohabitat.com.es\/fr\/politique-de-confidentialite\/#breadcrumb"},"inLanguage":"fr-FR","potentialAction":[{"@type":"ReadAction","target":["https:\/\/sunset.prohabitat.com.es\/fr\/politique-de-confidentialite\/"]}]},{"@type":"BreadcrumbList","@id":"https:\/\/sunset.prohabitat.com.es\/fr\/politique-de-confidentialite\/#breadcrumb","itemListElement":[{"@type":"ListItem","position":1,"name":"Portada","item":"https:\/\/sunset.prohabitat.com.es\/fr\/"},{"@type":"ListItem","position":2,"name":"Politique de confidentialit\u00e9"}]},{"@type":"WebSite","@id":"https:\/\/sunset.prohabitat.com.es\/fr\/#website","url":"https:\/\/sunset.prohabitat.com.es\/fr\/","name":"sunset.prohabitat.com.es","description":"Viviendas unifamiliares situadas en un lugar privilegiado en la Costa Dorada","potentialAction":[{"@type":"SearchAction","target":{"@type":"EntryPoint","urlTemplate":"https:\/\/sunset.prohabitat.com.es\/fr\/?s={search_term_string}"},"query-input":"required name=search_term_string"}],"inLanguage":"fr-FR"}]}},"_links":{"self":[{"href":"https:\/\/sunset.prohabitat.com.es\/fr\/wp-json\/wp\/v2\/pages\/693"}],"collection":[{"href":"https:\/\/sunset.prohabitat.com.es\/fr\/wp-json\/wp\/v2\/pages"}],"about":[{"href":"https:\/\/sunset.prohabitat.com.es\/fr\/wp-json\/wp\/v2\/types\/page"}],"author":[{"embeddable":true,"href":"https:\/\/sunset.prohabitat.com.es\/fr\/wp-json\/wp\/v2\/users\/1"}],"replies":[{"embeddable":true,"href":"https:\/\/sunset.prohabitat.com.es\/fr\/wp-json\/wp\/v2\/comments?post=693"}],"version-history":[{"count":1,"href":"https:\/\/sunset.prohabitat.com.es\/fr\/wp-json\/wp\/v2\/pages\/693\/revisions"}],"predecessor-version":[{"id":694,"href":"https:\/\/sunset.prohabitat.com.es\/fr\/wp-json\/wp\/v2\/pages\/693\/revisions\/694"}],"wp:attachment":[{"href":"https:\/\/sunset.prohabitat.com.es\/fr\/wp-json\/wp\/v2\/media?parent=693"}],"curies":[{"name":"wp","href":"https:\/\/api.w.org\/{rel}","templated":true}]}}