{"id":687,"date":"2022-12-14T11:34:27","date_gmt":"2022-12-14T10:34:27","guid":{"rendered":"https:\/\/sunset.prohabitat.com.es\/politique-en-matiere-de-cookies\/"},"modified":"2024-03-07T17:09:01","modified_gmt":"2024-03-07T16:09:01","slug":"politique-en-matiere-de-cookies","status":"publish","type":"page","link":"https:\/\/sunset.prohabitat.com.es\/fr\/politique-en-matiere-de-cookies\/","title":{"rendered":"Politique en mati\u00e8re de cookies"},"content":{"rendered":"\t\t<div data-elementor-type=\"wp-page\" data-elementor-id=\"687\" class=\"elementor elementor-687 elementor-24\" data-elementor-post-type=\"page\">\n\t\t\t\t\t\t<section class=\"elementor-section elementor-top-section elementor-element elementor-element-ab14a1f elementor-section-boxed elementor-section-height-default elementor-section-height-default\" data-id=\"ab14a1f\" data-element_type=\"section\">\n\t\t\t\t\t\t<div class=\"elementor-container elementor-column-gap-default\">\n\t\t\t\t\t<div class=\"elementor-column elementor-col-100 elementor-top-column elementor-element elementor-element-2b3b860\" data-id=\"2b3b860\" data-element_type=\"column\">\n\t\t\t<div class=\"elementor-widget-wrap elementor-element-populated\">\n\t\t\t\t\t\t<div class=\"elementor-element elementor-element-2870884 elementor-widget elementor-widget-text-editor\" data-id=\"2870884\" data-element_type=\"widget\" data-widget_type=\"text-editor.default\">\n\t\t\t\t<div class=\"elementor-widget-container\">\n\t\t\t<style>\/*! elementor - v3.20.0 - 26-03-2024 *\/\n.elementor-widget-text-editor.elementor-drop-cap-view-stacked .elementor-drop-cap{background-color:#69727d;color:#fff}.elementor-widget-text-editor.elementor-drop-cap-view-framed .elementor-drop-cap{color:#69727d;border:3px solid;background-color:transparent}.elementor-widget-text-editor:not(.elementor-drop-cap-view-default) .elementor-drop-cap{margin-top:8px}.elementor-widget-text-editor:not(.elementor-drop-cap-view-default) .elementor-drop-cap-letter{width:1em;height:1em}.elementor-widget-text-editor .elementor-drop-cap{float:left;text-align:center;line-height:1;font-size:50px}.elementor-widget-text-editor .elementor-drop-cap-letter{display:inline-block}<\/style>\t\t\t\t<h1>Politique en mati\u00e8re de cookies<\/h1>\n\n  <h3>QU\u2019EST-CE QU\u2019UN COOKIE ?<\/h3>\n\n  <p>Les cookies et autres technologies similaires telles que les objets locaux partag\u00e9s, les cookies flash ou les pixels, sont des outils utilis\u00e9s par les serveurs Web pour stocker et r\u00e9cup\u00e9rer des informations sur leurs visiteurs, ainsi que pour assurer le bon fonctionnement du site.<\/p>\n\n  <p>Gr\u00e2ce \u00e0 l\u2019utilisation de ces dispositifs, le serveur Web est autoris\u00e9 \u00e0 m\u00e9moriser certaines donn\u00e9es concernant l\u2019utilisateur, telles que ses pr\u00e9f\u00e9rences pour visualiser les pages de ce serveur, son nom et son mot de passe, les produits qui l\u2019int\u00e9ressent le plus, etc.<\/p>\n\n  <h3>COOKIES CONCERN\u00c9S PAR LA R\u00c9GLEMENTATION ET COOKIES EXCLUS<\/h3>\n\n  <p>Selon la directive de l\u2019UE, les cookies qui n\u00e9cessitent le consentement \u00e9clair\u00e9 de l\u2019utilisateur sont les cookies analytiques et les cookies publicitaires et d\u2019affiliation, \u00e0 l\u2019exception de ceux de nature technique et de ceux n\u00e9cessaires au fonctionnement du site web ou \u00e0 la fourniture de services express\u00e9ment demand\u00e9s par l\u2019utilisateur.<\/p>\n\n  <h3>QUELS TYPES DE COOKIES EXISTE-T-IL ?<\/h3>\n\n  <p>En ce qui concerne les types de cookies, il existe cinq groupes principaux:<\/p>\n\n  <ul>\n    <li>Cookies analytiques : ils collectent des informations sur l\u2019utilisation du site web.<\/li>\n    <li>Cookies sociaux : il s\u2019agit de ceux n\u00e9cessaires aux r\u00e9seaux sociaux externes.<\/li>\n    <li>Cookies d\u2019affiliation : ils nous permettent de suivre les visites d\u2019autres sites web, avec lesquels le site web \u00e9tablit un contrat d\u2019affiliation (soci\u00e9t\u00e9s affili\u00e9es).<\/li>\n    <li>Cookies publicitaires et comportementaux : collectent des informations sur les pr\u00e9f\u00e9rences et les choix personnels de l\u2019utilisateur (reciblage).<\/li>\n    <li>Cookies techniques et fonctionnels : il s\u2019agit de ceux strictement n\u00e9cessaires \u00e0 l\u2019utilisation du site web et \u00e0 la fourniture du service contract\u00e9.<\/li>\n  <\/ul>\n\n  <h3>COOKIES UTILIS\u00c9S SUR CE SITE WEB<\/h3>\n\n  <ul>\n    <li><strong>PHPSESSID<\/strong>:Il s\u2019agit d\u2019un cookie technique et strictement n\u00e9cessaire contenant l\u2019identifiant de session. Il est supprim\u00e9 lorsque vous fermez le navigateur.<\/li>\n\n    <li><strong>cookie_notice_accepted<\/strong>: Il s\u2019agit d\u2019un cookie techniquement et strictement n\u00e9cessaire qui contient la valeur de l\u2019acceptation ou non de l\u2019installation de cookies. Expire dans 1 an \u00e0 compter de la derni\u00e8re mise \u00e0 jour.<\/li>\n\n    \n    <li><strong>_ga<\/strong>: Cookie de Google Analytics qui active la fonction unique de contr\u00f4le des visites. La premi\u00e8re fois qu\u2019un utilisateur acc\u00e8de au site Web par le biais d\u2019un navigateur, ce cookie sera install\u00e9. Lorsque cet utilisateur acc\u00e8de \u00e0 nouveau au site Web avec le m\u00eame navigateur, le cookie consid\u00e9rera qu\u2019il s\u2019agit du m\u00eame utilisateur. Ce n\u2019est que dans le cas o\u00f9 l\u2019utilisateur change de navigateur qu\u2019il sera consid\u00e9r\u00e9 comme un autre utilisateur. Expire 2 ans apr\u00e8s la derni\u00e8re mise \u00e0 jour.<br>Pour plus d\u2019informations sur les traitements effectu\u00e9s par Google Analytics, <a href=\"https:\/\/support.google.com\/analytics\/answer\/6004245?hl=es-419\" target=\"_blank\" rel=\"nofollow\">cliquez ici<\/a>.<\/li>\n    <li><strong>_gat<\/strong>: Ce cookie est associ\u00e9 \u00e0 Google Analytics. Il est utilis\u00e9 pour limiter la vitesse des requ\u00eates, limitant ainsi la collecte de donn\u00e9es sur les sites \u00e0 fort trafic. Expire au bout de 10 minutes.<\/li>\n    <li><strong>_gid<\/strong>: Ce cookie est associ\u00e9 \u00e0 Google Analytics. Il est utilis\u00e9 pour distinguer les utilisateurs. Expire au bout de 24 heures.<\/li>\n    \n\n    \n    <li><strong>wordpress_test_cookie<\/strong>: Un cookie technique utilis\u00e9 par WordPress pour savoir si votre navigateur peut accepter les cookies. Expire \u00e0 la fin de la session.<\/li>\n    <li><strong>wp-settings-*<\/strong>: Un cookie technique utilis\u00e9 par WordPress pour stocker les pr\u00e9f\u00e9rences de l\u2019utilisateur. Expire dans 1 an \u00e0 compter de la derni\u00e8re mise \u00e0 jour.<\/li>\n    <li><strong>wp-settings-time-*<\/strong>: Cookie technique utilis\u00e9 par WordPress pour stocker les donn\u00e9es de session. Expire dans 1 an \u00e0 compter de la derni\u00e8re mise \u00e0 jour.<\/li>\n    <li><strong>wordpress_logged_in_{hash}<\/strong>: cookie technique utilis\u00e9 par WordPress pour g\u00e9rer le processus d\u2019authentification de l\u2019utilisateur. Expire \u00e0 la fin de la session.<\/li>\n    \n\n    \n    <li><strong>_icl_current_language<\/strong>: Il s\u2019agit d\u2019un cookie technique utilis\u00e9 pour enregistrer la langue actuelle. Expire 24 heures apr\u00e8s la derni\u00e8re mise \u00e0 jour.<\/li>\n    <li><strong>_icl_visitor_lang_js<\/strong>: Il s\u2019agit d\u2019un cookie technique utilis\u00e9 pour identifier la langue du navigateur de l\u2019utilisateur. Expire 24 heures apr\u00e8s la derni\u00e8re mise \u00e0 jour.<\/li>\n    <li><strong>wpml_browser_redirect_test<\/strong>: Il s\u2019agit d\u2019un cookie technique utilis\u00e9 pour rediriger l\u2019utilisateur vers le site web dans la langue correcte. Expire \u00e0 la fin de la session.<\/li>\n    \n\n    \n    <li><strong>qtrans_front_language<\/strong>: Il s\u2019agit d\u2019un cookie technique utilis\u00e9 pour enregistrer la langue s\u00e9lectionn\u00e9e par l\u2019utilisateur. Expire dans 1 an \u00e0 compter de la derni\u00e8re mise \u00e0 jour.<\/li>\n    \n\n    \n    <li><strong>wp_woocommerce_session_{hash}<\/strong>: cookie technique utilis\u00e9 par WooCommerce pour g\u00e9rer les sessions. Expire dans les 48 heures suivant la derni\u00e8re mise \u00e0 jour.<\/li>\n    <li><strong>woocommerce_cart_hash<\/strong>: cookie technique utilis\u00e9 par WooCommerce pour la gestion des paniers d\u2019achat. Expire \u00e0 la fin de la session.<\/li>\n    <li><strong>woocommerce_items_in_cart<\/strong>: cookie technique utilis\u00e9 par WooCommerce pour la gestion des paniers d\u2019achat. Expire \u00e0 la fin de la session.<\/li>\n    <li><strong>woocommerce_recently_viewed<\/strong>: Un cookie technique utilis\u00e9 par WooCommerce pour stocker les derniers produits consult\u00e9s. Expire \u00e0 la fin de la session.<\/li>\n    \n\n  <\/ul>\n\n  <h3>R\u00c9VOCATION DU CONSENTEMENT \u00c0 L\u2019INSTALLATION DE COOKIES \/ COMMENT SUPPRIMER LES COOKIES DE VOTRE NAVIGATEURR<\/h3>\n\n  <h4>Chrome<\/h4>\n\n  <ol>\n    <li>S\u00e9lectionnez l\u2019ic\u00f4ne Outils<\/li>\n    <li>Cliquez sur Param\u00e8tres.<\/li>\n    <li>Cliquez sur Afficher les options avanc\u00e9es.<\/li>\n    <li>Dans la section \u00ab Confidentialit\u00e9 \u00bb, cliquez sur Param\u00e8tres de contenu.\n      <ul>\n        <li>Supprimer les cookies : Cliquez sur Tous les cookies et donn\u00e9es du site&#8230;<\/li>\n        <li>N\u2019autorisez pas le stockage de cookies.<\/li>\n      <\/ul>\n    <\/li>\n    <li>Cliquez sur Effacer les donn\u00e9es de navigation (vider le cache).<\/li>\n    <li>Fermez et red\u00e9marrez votre navigateur.<\/li>\n  <\/ol>\n\n  <p>Pour plus d\u2019informations sur Chrome, <a href=\"http:\/\/support.google.com\/chrome\/answer\/95647?hl=es\" target=\"_blank\" rel=\"nofollow\">cliquez ici.<\/a><\/p>\n\n  <h4>Internet Explorer<\/h4>\n\n  <ol>\n    <li>S\u00e9lectionner Outils | Options Internet.<\/li>\n    <li>Cliquez sur l\u2019onglet G\u00e9n\u00e9ral.<\/li>\n    <li>Dans la section \u00ab Historique de navigation \u00bb, cliquez sur Supprimer l\u2019historique de navigation lorsque vous quittez.<\/li>\n    <li>S\u00e9lectionnez Supprimer les fichiers.<\/li>\n    <li>S\u00e9lectionnez Supprimer les cookies.<\/li>\n    <li>Cliquez sur Supprimer.<\/li>\n    <li>Cliquez sur OK.<\/li>\n    <li>Fermez et red\u00e9marrez votre navigateur.<\/li>\n  <\/ol>\n\n  <p>Pour plus d\u2019informations sur Internet Explorer, <a href=\"https:\/\/support.microsoft.com\/es-es\/help\/17442\/windows-internet-explorer-delete-manage-cookies\" target=\"_blank\" rel=\"nofollow\">cliquez ici.<\/a><\/p>\n\n  <h4>Firefox<\/h4>\n\n  <ol>\n    <li>S\u00e9lectionnez Firefox | Histoire | Effacer l\u2019histoire r\u00e9cente.<\/li>\n    <li>\u00c0 c\u00f4t\u00e9 de \u00ab D\u00e9tails \u00bb, cliquez sur la fl\u00e8che vers le bas.<\/li>\n    <li>Cochez les cases suivantes : Cookies, Cache, Connexions actives<\/li>\n    <li>\u00c0 l\u2019aide de l\u2019option \u00ab Intervalle de temps pour supprimer \u00bb dans le menu d\u00e9roulant, s\u00e9lectionnez Tout.<\/li>\n    <li>Cliquez sur Supprimer maintenant.<\/li>\n    <li>Fermez et red\u00e9marrez votre navigateur.<\/li>\n  <\/ol>\n\n  <p>Vous pouvez accepter ou refuser les cookies individuellement dans les Pr\u00e9f\u00e9rences de Firefox, dans la section Historique disponible sous Outils &gt; Options &gt; Confidentialit\u00e9.<\/p>\n\n  <p>Pour plus d\u2019informations sur Mozilla Firefox, <a href=\"https:\/\/support.mozilla.org\/es\/kb\/habilitar-y-deshabilitar-cookies-sitios-web-rastrear-preferencias\" target=\"_blank\" rel=\"nofollow\">cliquez ici<\/a>.<\/p>\n\n  <h4>Safari<\/h4>\n\n  <ol>\n    <li>S\u00e9lectionnez l\u2019ic\u00f4ne Safari \/ Modifier | Restaurez Safari.<\/li>\n    <li>Cochez les cases suivantes : Effacer l\u2019historique, Supprimer toutes les donn\u00e9es du site Web<\/li>\n    <li>Cliquez sur R\u00e9initialiser.<\/li>\n    <li>Fermez et red\u00e9marrez votre navigateur.<\/li>\n  <\/ol>\n\n  <p>Pour plus d\u2019informations sur Safari, <a href=\"https:\/\/support.apple.com\/es-es\/guide\/safari\/sfri11471\/12.0\/mac\/10.14\" target=\"_blank\" rel=\"nofollow\">cliquez ici.<\/a><\/p>\n\n  <h4>Opera<\/h4>\n\n  <p>Options \u2013 Avanc\u00e9 \u2013 Cookies.<\/p>\n\n  <p>Les options de cookies contr\u00f4lent la mani\u00e8re dont Opera les traite et donc leur acceptation ou leur refus.<\/p>\n\n  <p>Pour plus d\u2019informations sur \u00d3pera, <a href=\"https:\/\/help.opera.com\/en\/latest\/web-preferences\/#cookies\" target=\"_blank\" rel=\"nofollow\">cliquez ici.<\/a><\/p>\n\n  <h4>Autres navigateurs<\/h4>\n\n  <p>Consultez la documentation de votre navigateur install\u00e9.<\/p>\n\t\t\t\t\t\t<\/div>\n\t\t\t\t<\/div>\n\t\t\t\t\t<\/div>\n\t\t<\/div>\n\t\t\t\t\t<\/div>\n\t\t<\/section>\n\t\t\t\t<\/div>\n\t\t","protected":false},"excerpt":{"rendered":"<p>Politique en mati\u00e8re de cookies QU\u2019EST-CE QU\u2019UN COOKIE ? Les cookies et autres technologies similaires telles que les objets locaux partag\u00e9s, les cookies flash ou les pixels, sont des outils utilis\u00e9s par les serveurs Web pour stocker et r\u00e9cup\u00e9rer des informations sur leurs visiteurs, ainsi que pour assurer le bon fonctionnement du site. Gr\u00e2ce \u00e0 [&hellip;]<\/p>\n","protected":false},"author":1,"featured_media":0,"parent":0,"menu_order":0,"comment_status":"closed","ping_status":"closed","template":"","meta":{"footnotes":""},"yoast_head":"<!-- This site is optimized with the Yoast SEO plugin v22.4 - https:\/\/yoast.com\/wordpress\/plugins\/seo\/ -->\n<title>Politique en mati\u00e8re de cookies - sunset.prohabitat.com.es<\/title>\n<meta name=\"robots\" content=\"noindex, follow\" \/>\n<meta property=\"og:locale\" content=\"fr_FR\" \/>\n<meta property=\"og:type\" content=\"article\" \/>\n<meta property=\"og:title\" content=\"Politique en mati\u00e8re de cookies - sunset.prohabitat.com.es\" \/>\n<meta property=\"og:description\" content=\"Politique en mati\u00e8re de cookies QU\u2019EST-CE QU\u2019UN COOKIE ? Les cookies et autres technologies similaires telles que les objets locaux partag\u00e9s, les cookies flash ou les pixels, sont des outils utilis\u00e9s par les serveurs Web pour stocker et r\u00e9cup\u00e9rer des informations sur leurs visiteurs, ainsi que pour assurer le bon fonctionnement du site. Gr\u00e2ce \u00e0 [&hellip;]\" \/>\n<meta property=\"og:url\" content=\"https:\/\/sunset.prohabitat.com.es\/fr\/politique-en-matiere-de-cookies\/\" \/>\n<meta property=\"og:site_name\" content=\"sunset.prohabitat.com.es\" \/>\n<meta property=\"article:modified_time\" content=\"2024-03-07T16:09:01+00:00\" \/>\n<meta name=\"twitter:card\" content=\"summary_large_image\" \/>\n<meta name=\"twitter:label1\" content=\"Dur\u00e9e de lecture estim\u00e9e\" \/>\n\t<meta name=\"twitter:data1\" content=\"6 minutes\" \/>\n<script type=\"application\/ld+json\" class=\"yoast-schema-graph\">{\"@context\":\"https:\/\/schema.org\",\"@graph\":[{\"@type\":\"WebPage\",\"@id\":\"https:\/\/sunset.prohabitat.com.es\/fr\/politique-en-matiere-de-cookies\/\",\"url\":\"https:\/\/sunset.prohabitat.com.es\/fr\/politique-en-matiere-de-cookies\/\",\"name\":\"Politique en mati\u00e8re de cookies - sunset.prohabitat.com.es\",\"isPartOf\":{\"@id\":\"https:\/\/sunset.prohabitat.com.es\/fr\/#website\"},\"datePublished\":\"2022-12-14T10:34:27+00:00\",\"dateModified\":\"2024-03-07T16:09:01+00:00\",\"breadcrumb\":{\"@id\":\"https:\/\/sunset.prohabitat.com.es\/fr\/politique-en-matiere-de-cookies\/#breadcrumb\"},\"inLanguage\":\"fr-FR\",\"potentialAction\":[{\"@type\":\"ReadAction\",\"target\":[\"https:\/\/sunset.prohabitat.com.es\/fr\/politique-en-matiere-de-cookies\/\"]}]},{\"@type\":\"BreadcrumbList\",\"@id\":\"https:\/\/sunset.prohabitat.com.es\/fr\/politique-en-matiere-de-cookies\/#breadcrumb\",\"itemListElement\":[{\"@type\":\"ListItem\",\"position\":1,\"name\":\"Portada\",\"item\":\"https:\/\/sunset.prohabitat.com.es\/fr\/\"},{\"@type\":\"ListItem\",\"position\":2,\"name\":\"Politique en mati\u00e8re de cookies\"}]},{\"@type\":\"WebSite\",\"@id\":\"https:\/\/sunset.prohabitat.com.es\/fr\/#website\",\"url\":\"https:\/\/sunset.prohabitat.com.es\/fr\/\",\"name\":\"sunset.prohabitat.com.es\",\"description\":\"Viviendas unifamiliares situadas en un lugar privilegiado en la Costa Dorada\",\"potentialAction\":[{\"@type\":\"SearchAction\",\"target\":{\"@type\":\"EntryPoint\",\"urlTemplate\":\"https:\/\/sunset.prohabitat.com.es\/fr\/?s={search_term_string}\"},\"query-input\":\"required name=search_term_string\"}],\"inLanguage\":\"fr-FR\"}]}<\/script>\n<!-- \/ Yoast SEO plugin. -->","yoast_head_json":{"title":"Politique en mati\u00e8re de cookies - sunset.prohabitat.com.es","robots":{"index":"noindex","follow":"follow"},"og_locale":"fr_FR","og_type":"article","og_title":"Politique en mati\u00e8re de cookies - sunset.prohabitat.com.es","og_description":"Politique en mati\u00e8re de cookies QU\u2019EST-CE QU\u2019UN COOKIE ? Les cookies et autres technologies similaires telles que les objets locaux partag\u00e9s, les cookies flash ou les pixels, sont des outils utilis\u00e9s par les serveurs Web pour stocker et r\u00e9cup\u00e9rer des informations sur leurs visiteurs, ainsi que pour assurer le bon fonctionnement du site. Gr\u00e2ce \u00e0 [&hellip;]","og_url":"https:\/\/sunset.prohabitat.com.es\/fr\/politique-en-matiere-de-cookies\/","og_site_name":"sunset.prohabitat.com.es","article_modified_time":"2024-03-07T16:09:01+00:00","twitter_card":"summary_large_image","twitter_misc":{"Dur\u00e9e de lecture estim\u00e9e":"6 minutes"},"schema":{"@context":"https:\/\/schema.org","@graph":[{"@type":"WebPage","@id":"https:\/\/sunset.prohabitat.com.es\/fr\/politique-en-matiere-de-cookies\/","url":"https:\/\/sunset.prohabitat.com.es\/fr\/politique-en-matiere-de-cookies\/","name":"Politique en mati\u00e8re de cookies - sunset.prohabitat.com.es","isPartOf":{"@id":"https:\/\/sunset.prohabitat.com.es\/fr\/#website"},"datePublished":"2022-12-14T10:34:27+00:00","dateModified":"2024-03-07T16:09:01+00:00","breadcrumb":{"@id":"https:\/\/sunset.prohabitat.com.es\/fr\/politique-en-matiere-de-cookies\/#breadcrumb"},"inLanguage":"fr-FR","potentialAction":[{"@type":"ReadAction","target":["https:\/\/sunset.prohabitat.com.es\/fr\/politique-en-matiere-de-cookies\/"]}]},{"@type":"BreadcrumbList","@id":"https:\/\/sunset.prohabitat.com.es\/fr\/politique-en-matiere-de-cookies\/#breadcrumb","itemListElement":[{"@type":"ListItem","position":1,"name":"Portada","item":"https:\/\/sunset.prohabitat.com.es\/fr\/"},{"@type":"ListItem","position":2,"name":"Politique en mati\u00e8re de cookies"}]},{"@type":"WebSite","@id":"https:\/\/sunset.prohabitat.com.es\/fr\/#website","url":"https:\/\/sunset.prohabitat.com.es\/fr\/","name":"sunset.prohabitat.com.es","description":"Viviendas unifamiliares situadas en un lugar privilegiado en la Costa Dorada","potentialAction":[{"@type":"SearchAction","target":{"@type":"EntryPoint","urlTemplate":"https:\/\/sunset.prohabitat.com.es\/fr\/?s={search_term_string}"},"query-input":"required name=search_term_string"}],"inLanguage":"fr-FR"}]}},"_links":{"self":[{"href":"https:\/\/sunset.prohabitat.com.es\/fr\/wp-json\/wp\/v2\/pages\/687"}],"collection":[{"href":"https:\/\/sunset.prohabitat.com.es\/fr\/wp-json\/wp\/v2\/pages"}],"about":[{"href":"https:\/\/sunset.prohabitat.com.es\/fr\/wp-json\/wp\/v2\/types\/page"}],"author":[{"embeddable":true,"href":"https:\/\/sunset.prohabitat.com.es\/fr\/wp-json\/wp\/v2\/users\/1"}],"replies":[{"embeddable":true,"href":"https:\/\/sunset.prohabitat.com.es\/fr\/wp-json\/wp\/v2\/comments?post=687"}],"version-history":[{"count":5,"href":"https:\/\/sunset.prohabitat.com.es\/fr\/wp-json\/wp\/v2\/pages\/687\/revisions"}],"predecessor-version":[{"id":692,"href":"https:\/\/sunset.prohabitat.com.es\/fr\/wp-json\/wp\/v2\/pages\/687\/revisions\/692"}],"wp:attachment":[{"href":"https:\/\/sunset.prohabitat.com.es\/fr\/wp-json\/wp\/v2\/media?parent=687"}],"curies":[{"name":"wp","href":"https:\/\/api.w.org\/{rel}","templated":true}]}}