{"id":896,"date":"2024-03-13T12:44:05","date_gmt":"2024-03-13T11:44:05","guid":{"rendered":"https:\/\/sunset.prohabitat.com.es\/newsletter\/"},"modified":"2024-04-12T15:40:07","modified_gmt":"2024-04-12T13:40:07","slug":"newsletter","status":"publish","type":"page","link":"https:\/\/sunset.prohabitat.com.es\/de\/newsletter\/","title":{"rendered":"Newsletter"},"content":{"rendered":"\t\t<div data-elementor-type=\"wp-page\" data-elementor-id=\"896\" class=\"elementor elementor-896 elementor-790\" data-elementor-post-type=\"page\">\n\t\t\t\t<div class=\"elementor-element elementor-element-ede5472 e-flex e-con-boxed e-con e-parent\" data-id=\"ede5472\" data-element_type=\"container\" data-core-v316-plus=\"true\">\n\t\t\t\t\t<div class=\"e-con-inner\">\n\t\t\t\t<div class=\"elementor-element elementor-element-6e8fdb3 elementor-widget elementor-widget-wpml-language-switcher\" data-id=\"6e8fdb3\" data-element_type=\"widget\" data-widget_type=\"wpml-language-switcher.default\">\n\t\t\t\t<div class=\"elementor-widget-container\">\n\t\t\t<div class=\"wpml-elementor-ls\">\n<div class=\"wpml-ls-statics-shortcode_actions wpml-ls wpml-ls-legacy-list-horizontal\">\n\t<ul><li class=\"wpml-ls-slot-shortcode_actions wpml-ls-item wpml-ls-item-es wpml-ls-first-item wpml-ls-item-legacy-list-horizontal\">\n\t\t\t\t<a href=\"https:\/\/sunset.prohabitat.com.es\/\" class=\"wpml-ls-link\">\n                                                        <img decoding=\"async\"\n            class=\"wpml-ls-flag\"\n            src=\"https:\/\/sunset.prohabitat.com.es\/wp-content\/plugins\/sitepress-multilingual-cms\/res\/flags\/es.svg\"\n            alt=\"Spanisch\"\n            width=22\n            height=22\n    \/><\/a>\n\t\t\t<\/li><li class=\"wpml-ls-slot-shortcode_actions wpml-ls-item wpml-ls-item-en wpml-ls-item-legacy-list-horizontal\">\n\t\t\t\t<a href=\"https:\/\/sunset.prohabitat.com.es\/en\/\" class=\"wpml-ls-link\">\n                                                        <img decoding=\"async\"\n            class=\"wpml-ls-flag\"\n            src=\"https:\/\/sunset.prohabitat.com.es\/wp-content\/plugins\/sitepress-multilingual-cms\/res\/flags\/en.svg\"\n            alt=\"Englisch\"\n            width=22\n            height=22\n    \/><\/a>\n\t\t\t<\/li><li class=\"wpml-ls-slot-shortcode_actions wpml-ls-item wpml-ls-item-fr wpml-ls-item-legacy-list-horizontal\">\n\t\t\t\t<a href=\"https:\/\/sunset.prohabitat.com.es\/fr\/\" class=\"wpml-ls-link\">\n                                                        <img decoding=\"async\"\n            class=\"wpml-ls-flag\"\n            src=\"https:\/\/sunset.prohabitat.com.es\/wp-content\/plugins\/sitepress-multilingual-cms\/res\/flags\/fr.svg\"\n            alt=\"Franz\u00f6sisch\"\n            width=22\n            height=22\n    \/><\/a>\n\t\t\t<\/li><li class=\"wpml-ls-slot-shortcode_actions wpml-ls-item wpml-ls-item-de wpml-ls-current-language wpml-ls-last-item wpml-ls-item-legacy-list-horizontal\">\n\t\t\t\t<a href=\"https:\/\/sunset.prohabitat.com.es\/de\/\" class=\"wpml-ls-link\">\n                                                        <img decoding=\"async\"\n            class=\"wpml-ls-flag\"\n            src=\"https:\/\/sunset.prohabitat.com.es\/wp-content\/plugins\/sitepress-multilingual-cms\/res\/flags\/de.svg\"\n            alt=\"Deutsch\"\n            width=22\n            height=22\n    \/><\/a>\n\t\t\t<\/li><\/ul>\n<\/div>\n<\/div>\t\t<\/div>\n\t\t\t\t<\/div>\n\t\t\t\t\t<\/div>\n\t\t\t\t<\/div>\n\t\t<div class=\"elementor-element elementor-element-9a1ded7 e-flex e-con-boxed e-con e-parent\" data-id=\"9a1ded7\" data-element_type=\"container\" data-core-v316-plus=\"true\">\n\t\t\t\t\t<div class=\"e-con-inner\">\n\t\t\t\t<div class=\"elementor-element elementor-element-b85fa63 elementor-widget elementor-widget-html\" data-id=\"b85fa63\" data-element_type=\"widget\" data-widget_type=\"html.default\">\n\t\t\t\t<div class=\"elementor-widget-container\">\n\t\t\t<div style=\"width: 800px;\">  \r\n    <table style=\"max-width:800px;font-family:sans-serif;\">\r\n            <tbody width=\"800px\">\r\n                <tr>\r\n                    <td width=\"100px\">\r\n                        <img decoding=\"async\" src=\"https:\/\/sunset.prohabitat.com.es\/wp-content\/uploads\/2024\/03\/sunset-90.png\" width=\"90px\"\/> \r\n                    <\/td>\r\n                    <td width=\"100px\"><img decoding=\"async\" src=\"https:\/\/sunset.prohabitat.com.es\/wp-content\/uploads\/2024\/03\/prohabitat-90.png\" width=\"90px\"\/> <\/td>\r\n                    \r\n                    <td width=\"500px\"><\/td>\r\n                    <td width=\"100px\" style=\"text-align: end;\">\r\n                        <a href=\"https:\/\/www.facebook.com\/prohabitatdesarrollosinmobiliarios\/\"><img decoding=\"async\" src=\"https:\/\/sunset.prohabitat.com.es\/wp-content\/uploads\/2024\/03\/icon-face.png\" width=\"25px\"\/><\/a>\r\n                        \r\n                    <\/td>\r\n                    <td>\r\n                        <a href=\"https:\/\/www.instagram.com\/prohabitat_\/\"><img decoding=\"async\" src=\"https:\/\/sunset.prohabitat.com.es\/wp-content\/uploads\/2024\/03\/icon-insta.png\" width=\"25px\"\/><\/a>\r\n                    <\/td>\r\n                <\/tr>\r\n                <tr><td colspan=\"5\" style=\"text-align: end;\">sunset.prohabitat.com.es<\/td><\/tr>\r\n            <\/tbody>\r\n        <\/table>\r\n    <span>\r\n    <div style=\"background-color: #16B4C2;\">\r\n        <img decoding=\"async\" width=\"800px\" src=\"https:\/\/sunset.prohabitat.com.es\/wp-content\/uploads\/2024\/03\/slider-sunset-news.jpg\"\/>\r\n        <span style=\"vertical-align: middle;\">\r\n            <p style=\"font-size: 22px; font-family:Arial, Helvetica, sans-serif;font-weight: 500; color:white;\">Entdecken Sie, was Lebensqualit\u00e4t ist<\/p>\r\n            <p style=\"font-size: 22px; font-family:Arial, Helvetica, sans-serif;font-weight: 600;color:white;padding-bottom: 40px;\">Neue Werbung f\u00fcr exklusive H\u00e4user in <br>Pino Alto-Miami Platja<\/p>\r\n        <\/span>\r\n        \r\n    <\/div>\r\n    <\/span>\r\n    \r\n    <div style=\"font-size: 16px; font-family:Arial, Helvetica, sans-serif;\">\r\n    <p>Vielen Dank f\u00fcr Ihr Interesse am Sunset-Projekt, gef\u00f6rdert von Prohabitat Grupo Marco in Pino Alto \u2013 Miami Platja! Ich bin Elisabet, Verk\u00e4uferin bei der Immobilienagentur G\u00f3mez & Asociados in Miami Platja, die f\u00fcr die Vermarktung der Aktion verantwortlich ist.<\/p>\r\n    <p> Wir befinden uns derzeit im Vorverkauf, sodass Sie die besten Standorte ausw\u00e4hlen k\u00f6nnen.<\/p>\r\n        \r\n    \r\n        \r\n       <p> Ich kontaktiere Sie, weil Sie uns Ihre Daten in unserer Anzeige im Internet, auf Instagram oder Facebook hinterlassen haben<\/p>\r\n        \r\n    \r\n        \r\n        <p>In dieser E-Mail f\u00fcge ich grundlegende Informationen wie Projekt, <b>Erinnerung an Qualit\u00e4ten, Zahlungsbedingungen und Preise der verf\u00fcgbaren Einheiten. Ich m\u00f6chte hervorheben, dass alle Zahlungen von der erstklassigen Bank garantiert werden.<\/b><\/p>\r\n        \r\n    \r\n        \r\n        <p style=\"border-top: 2px solid #16B4C2; padding-top: 10px; color:#16B4C2;border-bottom: 2px solid #16B4C2; padding-bottom: 10px; \"><b>Der Komplex besteht aus 22 Doppelh\u00e4usern mit 4 Schlafzimmern, eigenem Garten und privatem Pool, Hausautomationssystem und einem hohen Ma\u00df an Ausstattung und Energieeffizienz. Die H\u00e4user sind in eine private Wohnanlage integriert, die maximale Sicherheit bietet und sich in der exklusiven Gegend von Pino Alto befindet.<\/b><\/p>\r\n        \r\n    \r\n        \r\n        <p>Das Projekt wurde dem Rathaus vorgelegt und wir warten auf die Baugenehmigung. Nach Erhalt der Lizenz wird die Dauer der Arbeiten auf 14 Monate gesch\u00e4tzt.<\/p>\r\n        \r\n    \r\n        \r\n        <p>Das Hotel liegt 300 Meter von Playa Cristal entfernt, in der N\u00e4he von Gesch\u00e4ften, Dienstleistungen und Restaurants.<\/p>\r\n        \r\n    \r\n        \r\n        <p>Verpassen Sie nicht die Gelegenheit, in einer der besten Gegenden der Costa Dorada zu leben.<\/p>\r\n    \r\n        \r\n        <p>Wenn Sie weitere Informationen ben\u00f6tigen, kontaktieren Sie uns unverbindlich. Wir bieten Ihnen die zus\u00e4tzlichen Informationen, die Sie ben\u00f6tigen, und beantworten alle Ihre Fragen.<\/p>\r\n        \r\n    \r\n        \r\n        <p><b>Herzliche Gr\u00fc\u00dfe vom G\u00f3mez & Asociados-Team.<\/b><\/p>\r\n    \r\n        <div style=\"position: relative;text-align: span;color: WHITE;max-width:800px;\">\r\n            <img decoding=\"async\" src=\"https:\/\/sunset.prohabitat.com.es\/wp-content\/uploads\/2024\/03\/fondo-news-mid.png\" alt=\"n\/a\" style=\"width:100%;\">\r\n            <div style=\"position: absolute;top: 30%;left: 4%;background-color: #01613B; padding-left: 20px;padding-right: 20px;padding-top: 15px;padding-bottom: 15px;\"><a href=\"https:\/\/sunset.prohabitat.com.es\/wp-content\/uploads\/2024\/04\/sunset_MEMORIA-CALIDADES-deu.pdf\" style=\"text-decoration: none; color: white;\"><b>PROJEKT<br>HOCHWERTIGE ERINNERUNGEN<\/b><\/a> <\/div>\r\n            <div style=\"position: absolute;top: 30%;left: 35.4%;background-color: #01613B; padding-left: 65px;padding-right: 65px;padding-top: 15px;padding-bottom: 15px;\"><a href=\"https:\/\/sunset.prohabitat.com.es\/wp-content\/uploads\/2024\/03\/Precios_DIGITAL.pdf\" style=\"text-decoration: none; color: white;\"><b>PREISE UND<br>BEDINGUNGEN<\/b><\/a> <\/div>\r\n            <div style=\"position: absolute;top: 30%;left: 67%;background-color: #01613B; padding-left: 80px;padding-right: 80px;padding-top: 24px;padding-bottom: 25px;\"><a href=\"https:\/\/sunset.prohabitat.com.es\/wp-content\/uploads\/2024\/03\/planos.pdf\" style=\"text-decoration: none; color: white;\"><b>BLAUPAUSEN<\/b><\/a> <\/div>\r\n        <\/div>\r\n        \r\n        <table style=\"max-width:800px;font-family:sans-serif;\">\r\n            <tbody width=\"800px\">\r\n                <tr>\r\n                    <td width=\"150px\">\r\n                        <img decoding=\"async\" src=\"https:\/\/sunset.prohabitat.com.es\/wp-content\/uploads\/2024\/03\/gomez-asociados-logo-200.png\" width=\"100%\"\/> \r\n                    <\/td>\r\n                    <td width=\"200px\" style=\"font-size:13px;font-weight: 600;\">Elisabet Segura Aribau\r\n                        G\u00d3MEZ & ASOCIADOS\r\n                        Grupo Inmobiliario <\/td>\r\n                    <td width=\"550px\" style=\"font-size:12px;\">\r\n                        Av. Barcelona 92, local 6. Miami Platja - Tarragona 659 028 577 \u2013 977 17 07 69.\r\n                        <br>Martes a S\u00e1bado 9.30h-13.30h\/16h-19h\r\n                    <\/td>\r\n                <\/tr>\r\n            <\/tbody>\r\n        <\/table>\r\n    \r\n        <p style=\"font-size:14px;\">RECHTLICHER HINWEIS<\/p>\r\n    <p style=\"font-size:9px;text-align: justify;\">Diese Nachricht und ihre Anh\u00e4nge k\u00f6nnen vertrauliche Informationen enthalten und ihre Weitergabe, Vervielf\u00e4ltigung oder Verbreitung ist nicht gestattet. Wenn Sie nicht der endg\u00fcltige Empf\u00e4nger sind, bitten wir Sie, uns zu benachrichtigen und diese Nachricht zu l\u00f6schen.<\/p>\r\n        \r\n       <p style=\"font-size:9px;text-align: justify;\">In \u00dcbereinstimmung mit den Bestimmungen der geltenden Vorschriften zum Schutz personenbezogener Daten (Verordnung (EU) 2016\/679 vom 27. April 2016 (RGPD), Organgesetz 3\/2018 vom 5. Dezember zum Schutz personenbezogener Daten) wir informieren Sie dar\u00fcber, dass die in dieser Mitteilung enthaltenen Daten in einer Datenverarbeitungsdatei enthalten sind, die Eigentum von TOMAS GOMEZ ROLDAN ist. Diese Daten werden ausschlie\u00dflich zum Versand von Mitteilungen verwendet, die f\u00fcr Sie von Interesse sein k\u00f6nnten. Ihre Daten werden nicht an Dritte weitergegeben, es sei denn, es besteht eine gesetzliche Verpflichtung, und werden so lange gespeichert, wie Sie nicht deren L\u00f6schung oder Widerspruch beantragen. Diese kommerzielle Kommunikation wird unter dem Schutz des Gesetzes 34\/2020 \u00fcber Dienste der Informationsgesellschaft und elektronischen Handel versandt. Wenn Sie keine kommerziellen Mitteilungen mehr erhalten, Ihre Einwilligung widerrufen oder Ihr Recht auf Zugang, Berichtigung, \u00dcbertragbarkeit, Widerspruch, Einschr\u00e4nkung oder L\u00f6schung aus\u00fcben m\u00f6chten, k\u00f6nnen Sie dies jederzeit per E-Mail an die angegebene Adresse beantragen <a href=\"mailto:ventas@gomezasociados.com\">ventas@gomezasociados.com<\/a> Geben Sie im Betreff \"Geringe kommerzielle Kommunikation\" an oder teilen Sie dies schriftlich mit, wobei Sie stets Ihre pers\u00f6nlichen Daten angeben AVDA. BARCELONA, 92 LOCAL 6 \u2013 43892 MIAMI PLATJA (TARRAGONA). . Wenn Sie der Meinung sind, dass die Verarbeitung personenbezogener Daten nicht den geltenden Vorschriften entspricht, k\u00f6nnen Sie eine Beschwerde bei der Kontrollbeh\u00f6rde einreichen. (<a href=\"www.agpd.es\">www.agpd.es<\/a>).<\/p>\r\n    \r\n    <\/div>\r\n    \r\n    <\/div>\r\n\t\t<\/div>\n\t\t\t\t<\/div>\n\t\t\t\t\t<\/div>\n\t\t\t\t<\/div>\n\t\t\t\t<\/div>\n\t\t","protected":false},"excerpt":{"rendered":"<p>sunset.prohabitat.com.es Entdecken Sie, was Lebensqualit\u00e4t ist Neue Werbung f\u00fcr exklusive H\u00e4user in Pino Alto-Miami Platja Vielen Dank f\u00fcr Ihr Interesse am Sunset-Projekt, gef\u00f6rdert von Prohabitat Grupo Marco in Pino Alto \u2013 Miami Platja! Ich bin Elisabet, Verk\u00e4uferin bei der Immobilienagentur G\u00f3mez &#038; Asociados in Miami Platja, die f\u00fcr die Vermarktung der Aktion verantwortlich ist. Wir [&hellip;]<\/p>\n","protected":false},"author":2,"featured_media":0,"parent":0,"menu_order":0,"comment_status":"closed","ping_status":"closed","template":"elementor_canvas","meta":{"footnotes":""},"yoast_head":"<!-- This site is optimized with the Yoast SEO plugin v22.4 - https:\/\/yoast.com\/wordpress\/plugins\/seo\/ -->\n<title>Newsletter - sunset.prohabitat.com.es<\/title>\n<meta name=\"robots\" content=\"index, nofollow, max-snippet:-1, max-image-preview:large, max-video-preview:-1\" \/>\n<link rel=\"canonical\" href=\"https:\/\/sunset.prohabitat.com.es\/de\/newsletter\/\" \/>\n<meta property=\"og:locale\" content=\"de_DE\" \/>\n<meta property=\"og:type\" content=\"article\" \/>\n<meta property=\"og:title\" content=\"Newsletter - sunset.prohabitat.com.es\" \/>\n<meta property=\"og:description\" content=\"sunset.prohabitat.com.es Entdecken Sie, was Lebensqualit\u00e4t ist Neue Werbung f\u00fcr exklusive H\u00e4user in Pino Alto-Miami Platja Vielen Dank f\u00fcr Ihr Interesse am Sunset-Projekt, gef\u00f6rdert von Prohabitat Grupo Marco in Pino Alto \u2013 Miami Platja! Ich bin Elisabet, Verk\u00e4uferin bei der Immobilienagentur G\u00f3mez &#038; Asociados in Miami Platja, die f\u00fcr die Vermarktung der Aktion verantwortlich ist. Wir [&hellip;]\" \/>\n<meta property=\"og:url\" content=\"https:\/\/sunset.prohabitat.com.es\/de\/newsletter\/\" \/>\n<meta property=\"og:site_name\" content=\"sunset.prohabitat.com.es\" \/>\n<meta property=\"article:modified_time\" content=\"2024-04-12T13:40:07+00:00\" \/>\n<meta property=\"og:image\" content=\"https:\/\/sunset.prohabitat.com.es\/wp-content\/uploads\/2024\/03\/sunset-90.png\" \/>\n<meta name=\"twitter:card\" content=\"summary_large_image\" \/>\n<meta name=\"twitter:label1\" content=\"Gesch\u00e4tzte Lesezeit\" \/>\n\t<meta name=\"twitter:data1\" content=\"5 Minuten\" \/>\n<script type=\"application\/ld+json\" class=\"yoast-schema-graph\">{\"@context\":\"https:\/\/schema.org\",\"@graph\":[{\"@type\":\"WebPage\",\"@id\":\"https:\/\/sunset.prohabitat.com.es\/de\/newsletter\/\",\"url\":\"https:\/\/sunset.prohabitat.com.es\/de\/newsletter\/\",\"name\":\"Newsletter - sunset.prohabitat.com.es\",\"isPartOf\":{\"@id\":\"https:\/\/sunset.prohabitat.com.es\/de\/#website\"},\"primaryImageOfPage\":{\"@id\":\"https:\/\/sunset.prohabitat.com.es\/de\/newsletter\/#primaryimage\"},\"image\":{\"@id\":\"https:\/\/sunset.prohabitat.com.es\/de\/newsletter\/#primaryimage\"},\"thumbnailUrl\":\"https:\/\/sunset.prohabitat.com.es\/wp-content\/uploads\/2024\/03\/sunset-90.png\",\"datePublished\":\"2024-03-13T11:44:05+00:00\",\"dateModified\":\"2024-04-12T13:40:07+00:00\",\"breadcrumb\":{\"@id\":\"https:\/\/sunset.prohabitat.com.es\/de\/newsletter\/#breadcrumb\"},\"inLanguage\":\"de-DE\",\"potentialAction\":[{\"@type\":\"ReadAction\",\"target\":[\"https:\/\/sunset.prohabitat.com.es\/de\/newsletter\/\"]}]},{\"@type\":\"ImageObject\",\"inLanguage\":\"de-DE\",\"@id\":\"https:\/\/sunset.prohabitat.com.es\/de\/newsletter\/#primaryimage\",\"url\":\"https:\/\/sunset.prohabitat.com.es\/wp-content\/uploads\/2024\/03\/sunset-90.png\",\"contentUrl\":\"https:\/\/sunset.prohabitat.com.es\/wp-content\/uploads\/2024\/03\/sunset-90.png\"},{\"@type\":\"BreadcrumbList\",\"@id\":\"https:\/\/sunset.prohabitat.com.es\/de\/newsletter\/#breadcrumb\",\"itemListElement\":[{\"@type\":\"ListItem\",\"position\":1,\"name\":\"Portada\",\"item\":\"https:\/\/sunset.prohabitat.com.es\/de\/\"},{\"@type\":\"ListItem\",\"position\":2,\"name\":\"Newsletter\"}]},{\"@type\":\"WebSite\",\"@id\":\"https:\/\/sunset.prohabitat.com.es\/de\/#website\",\"url\":\"https:\/\/sunset.prohabitat.com.es\/de\/\",\"name\":\"sunset.prohabitat.com.es\",\"description\":\"Viviendas unifamiliares situadas en un lugar privilegiado en la Costa Dorada\",\"potentialAction\":[{\"@type\":\"SearchAction\",\"target\":{\"@type\":\"EntryPoint\",\"urlTemplate\":\"https:\/\/sunset.prohabitat.com.es\/de\/?s={search_term_string}\"},\"query-input\":\"required name=search_term_string\"}],\"inLanguage\":\"de-DE\"}]}<\/script>\n<!-- \/ Yoast SEO plugin. -->","yoast_head_json":{"title":"Newsletter - sunset.prohabitat.com.es","robots":{"index":"index","follow":"nofollow","max-snippet":"max-snippet:-1","max-image-preview":"max-image-preview:large","max-video-preview":"max-video-preview:-1"},"canonical":"https:\/\/sunset.prohabitat.com.es\/de\/newsletter\/","og_locale":"de_DE","og_type":"article","og_title":"Newsletter - sunset.prohabitat.com.es","og_description":"sunset.prohabitat.com.es Entdecken Sie, was Lebensqualit\u00e4t ist Neue Werbung f\u00fcr exklusive H\u00e4user in Pino Alto-Miami Platja Vielen Dank f\u00fcr Ihr Interesse am Sunset-Projekt, gef\u00f6rdert von Prohabitat Grupo Marco in Pino Alto \u2013 Miami Platja! Ich bin Elisabet, Verk\u00e4uferin bei der Immobilienagentur G\u00f3mez &#038; Asociados in Miami Platja, die f\u00fcr die Vermarktung der Aktion verantwortlich ist. Wir [&hellip;]","og_url":"https:\/\/sunset.prohabitat.com.es\/de\/newsletter\/","og_site_name":"sunset.prohabitat.com.es","article_modified_time":"2024-04-12T13:40:07+00:00","og_image":[{"url":"https:\/\/sunset.prohabitat.com.es\/wp-content\/uploads\/2024\/03\/sunset-90.png"}],"twitter_card":"summary_large_image","twitter_misc":{"Gesch\u00e4tzte Lesezeit":"5 Minuten"},"schema":{"@context":"https:\/\/schema.org","@graph":[{"@type":"WebPage","@id":"https:\/\/sunset.prohabitat.com.es\/de\/newsletter\/","url":"https:\/\/sunset.prohabitat.com.es\/de\/newsletter\/","name":"Newsletter - sunset.prohabitat.com.es","isPartOf":{"@id":"https:\/\/sunset.prohabitat.com.es\/de\/#website"},"primaryImageOfPage":{"@id":"https:\/\/sunset.prohabitat.com.es\/de\/newsletter\/#primaryimage"},"image":{"@id":"https:\/\/sunset.prohabitat.com.es\/de\/newsletter\/#primaryimage"},"thumbnailUrl":"https:\/\/sunset.prohabitat.com.es\/wp-content\/uploads\/2024\/03\/sunset-90.png","datePublished":"2024-03-13T11:44:05+00:00","dateModified":"2024-04-12T13:40:07+00:00","breadcrumb":{"@id":"https:\/\/sunset.prohabitat.com.es\/de\/newsletter\/#breadcrumb"},"inLanguage":"de-DE","potentialAction":[{"@type":"ReadAction","target":["https:\/\/sunset.prohabitat.com.es\/de\/newsletter\/"]}]},{"@type":"ImageObject","inLanguage":"de-DE","@id":"https:\/\/sunset.prohabitat.com.es\/de\/newsletter\/#primaryimage","url":"https:\/\/sunset.prohabitat.com.es\/wp-content\/uploads\/2024\/03\/sunset-90.png","contentUrl":"https:\/\/sunset.prohabitat.com.es\/wp-content\/uploads\/2024\/03\/sunset-90.png"},{"@type":"BreadcrumbList","@id":"https:\/\/sunset.prohabitat.com.es\/de\/newsletter\/#breadcrumb","itemListElement":[{"@type":"ListItem","position":1,"name":"Portada","item":"https:\/\/sunset.prohabitat.com.es\/de\/"},{"@type":"ListItem","position":2,"name":"Newsletter"}]},{"@type":"WebSite","@id":"https:\/\/sunset.prohabitat.com.es\/de\/#website","url":"https:\/\/sunset.prohabitat.com.es\/de\/","name":"sunset.prohabitat.com.es","description":"Viviendas unifamiliares situadas en un lugar privilegiado en la Costa Dorada","potentialAction":[{"@type":"SearchAction","target":{"@type":"EntryPoint","urlTemplate":"https:\/\/sunset.prohabitat.com.es\/de\/?s={search_term_string}"},"query-input":"required name=search_term_string"}],"inLanguage":"de-DE"}]}},"_links":{"self":[{"href":"https:\/\/sunset.prohabitat.com.es\/de\/wp-json\/wp\/v2\/pages\/896"}],"collection":[{"href":"https:\/\/sunset.prohabitat.com.es\/de\/wp-json\/wp\/v2\/pages"}],"about":[{"href":"https:\/\/sunset.prohabitat.com.es\/de\/wp-json\/wp\/v2\/types\/page"}],"author":[{"embeddable":true,"href":"https:\/\/sunset.prohabitat.com.es\/de\/wp-json\/wp\/v2\/users\/2"}],"replies":[{"embeddable":true,"href":"https:\/\/sunset.prohabitat.com.es\/de\/wp-json\/wp\/v2\/comments?post=896"}],"version-history":[{"count":5,"href":"https:\/\/sunset.prohabitat.com.es\/de\/wp-json\/wp\/v2\/pages\/896\/revisions"}],"predecessor-version":[{"id":1290,"href":"https:\/\/sunset.prohabitat.com.es\/de\/wp-json\/wp\/v2\/pages\/896\/revisions\/1290"}],"wp:attachment":[{"href":"https:\/\/sunset.prohabitat.com.es\/de\/wp-json\/wp\/v2\/media?parent=896"}],"curies":[{"name":"wp","href":"https:\/\/api.w.org\/{rel}","templated":true}]}}